{"id":18,"date":"2023-10-24T11:24:47","date_gmt":"2023-10-24T14:24:47","guid":{"rendered":"https:\/\/cartas-contempladas.personalconsorcios.com.br\/?page_id=18"},"modified":"2025-09-30T14:06:27","modified_gmt":"2025-09-30T17:06:27","slug":"cartas-contempladas","status":"publish","type":"page","link":"https:\/\/cartas-contempladas.personalconsorcios.com.br\/","title":{"rendered":"Cartas Contempladas"},"content":{"rendered":"\t\t<div data-elementor-type=\"wp-page\" data-elementor-id=\"18\" class=\"elementor elementor-18\">\n\t\t\t\t<div class=\"elementor-element elementor-element-a2eb755 e-flex e-con-boxed e-con e-parent\" data-id=\"a2eb755\" data-element_type=\"container\" data-settings=\"{&quot;background_background&quot;:&quot;classic&quot;}\">\n\t\t\t\t\t<div class=\"e-con-inner\">\n\t\t\t\t<div class=\"elementor-element elementor-element-3646f79 elementor-widget elementor-widget-heading\" data-id=\"3646f79\" data-element_type=\"widget\" data-widget_type=\"heading.default\">\n\t\t\t\t<div class=\"elementor-widget-container\">\n\t\t\t\t\t<h3 class=\"elementor-heading-title elementor-size-default\">CARTAS CONTEMPLADAS PERSONAL CONS\u00d3RCIOS<\/h3>\t\t\t\t<\/div>\n\t\t\t\t<\/div>\n\t\t\t\t<div class=\"elementor-element elementor-element-0711f7b elementor-widget elementor-widget-image\" data-id=\"0711f7b\" data-element_type=\"widget\" data-widget_type=\"image.default\">\n\t\t\t\t<div class=\"elementor-widget-container\">\n\t\t\t\t\t\t\t\t\t\t\t\t\t\t\t<img fetchpriority=\"high\" decoding=\"async\" width=\"998\" height=\"582\" src=\"https:\/\/cartas-contempladas.personalconsorcios.com.br\/wp-content\/uploads\/2023\/10\/Logo-1-sem-fundo.png\" class=\"attachment-full size-full wp-image-92\" alt=\"\" srcset=\"https:\/\/cartas-contempladas.personalconsorcios.com.br\/wp-content\/uploads\/2023\/10\/Logo-1-sem-fundo.png 998w, https:\/\/cartas-contempladas.personalconsorcios.com.br\/wp-content\/uploads\/2023\/10\/Logo-1-sem-fundo-300x175.png 300w, https:\/\/cartas-contempladas.personalconsorcios.com.br\/wp-content\/uploads\/2023\/10\/Logo-1-sem-fundo-768x448.png 768w\" sizes=\"(max-width: 998px) 100vw, 998px\" \/>\t\t\t\t\t\t\t\t\t\t\t\t\t\t\t<\/div>\n\t\t\t\t<\/div>\n\t\t<div class=\"elementor-element elementor-element-16b7836 e-con-full e-flex e-con e-child\" data-id=\"16b7836\" data-element_type=\"container\">\n\t\t<div class=\"elementor-element elementor-element-82b4bc1 e-con-full e-flex e-con e-child\" data-id=\"82b4bc1\" data-element_type=\"container\">\n\t\t\t\t<div class=\"elementor-element elementor-element-0d4eb03 elementor-widget elementor-widget-heading\" data-id=\"0d4eb03\" data-element_type=\"widget\" data-widget_type=\"heading.default\">\n\t\t\t\t<div class=\"elementor-widget-container\">\n\t\t\t\t\t<h2 class=\"elementor-heading-title elementor-size-default\">Im\u00f3veis HS <\/h2>\t\t\t\t<\/div>\n\t\t\t\t<\/div>\n\t\t\t\t<div class=\"elementor-element elementor-element-e71e133 elementor-widget elementor-widget-shortcode\" data-id=\"e71e133\" data-element_type=\"widget\" data-widget_type=\"shortcode.default\">\n\t\t\t\t<div class=\"elementor-widget-container\">\n\t\t\t\t\t\t\t<div class=\"elementor-shortcode\"><div id=\"footable_parent_67\"\n         class=\" footable_parent ninja_table_wrapper loading_ninja_table wp_table_data_press_parent semantic_ui colored_table\">\n                <table data-ninja_table_instance=\"ninja_table_instance_0\" data-footable_id=\"67\" data-filter-delay=\"1000\" aria-label=\"Cartas Contempladas Im\u00f3veis\"            id=\"footable_67\"\n           data-unique_identifier=\"ninja_table_unique_id_1047876627_67\"\n           class=\" foo-table ninja_footable foo_table_67 ninja_table_unique_id_1047876627_67 ui table  nt_hide_breakpoint_labels nt_type_ajax_table selectable striped vertical_centered ninja_custom_color inverted footable-paging-right ninja_table_search_disabled ninja_table_pro\">\n                <colgroup>\n                            <col class=\"ninja_column_0 \">\n                            <col class=\"ninja_column_1 \">\n                            <col class=\"ninja_column_2 \">\n                    <\/colgroup>\n            <\/table>\n    \n    \n    \n<\/div>\n<\/div>\n\t\t\t\t\t\t<\/div>\n\t\t\t\t<\/div>\n\t\t<div class=\"elementor-element elementor-element-201910b e-con-full e-flex e-con e-child\" data-id=\"201910b\" data-element_type=\"container\">\n\t\t\t\t<div class=\"elementor-element elementor-element-a54e4f9 elementor-widget elementor-widget-heading\" data-id=\"a54e4f9\" data-element_type=\"widget\" data-widget_type=\"heading.default\">\n\t\t\t\t<div class=\"elementor-widget-container\">\n\t\t\t\t\t<h2 class=\"elementor-heading-title elementor-size-default\">Ve\u00edculos HS<\/h2>\t\t\t\t<\/div>\n\t\t\t\t<\/div>\n\t\t\t\t<div class=\"elementor-element elementor-element-96e9536 elementor-widget elementor-widget-shortcode\" data-id=\"96e9536\" data-element_type=\"widget\" data-widget_type=\"shortcode.default\">\n\t\t\t\t<div class=\"elementor-widget-container\">\n\t\t\t\t\t\t\t<div class=\"elementor-shortcode\"><div id=\"footable_parent_109\"\n         class=\"ninja-footable-loader footable_parent ninja_table_wrapper loading_ninja_table wp_table_data_press_parent semantic_ui colored_table\">\n                <table data-ninja_table_instance=\"ninja_table_instance_1\" data-footable_id=\"109\" data-filter-delay=\"1000\" aria-label=\"Cartas Contempladas Ve\u00edculos\"            id=\"footable_109\"\n           data-unique_identifier=\"ninja_table_unique_id_51187894_109\"\n           class=\" foo-table ninja_footable foo_table_109 ninja_table_unique_id_51187894_109 ui table  ninja_search_right nt_hide_breakpoint_labels nt_type_ajax_table selectable striped vertical_centered ninja_custom_color inverted footable-paging-right ninja_table_search_disabled ninja_table_pro\">\n                <colgroup>\n                            <col class=\"ninja_column_0 \">\n                            <col class=\"ninja_column_1 \">\n                            <col class=\"ninja_column_2 \">\n                    <\/colgroup>\n            <\/table>\n    \n    \n    \n<\/div>\n<\/div>\n\t\t\t\t\t\t<\/div>\n\t\t\t\t<\/div>\n\t\t\t\t<\/div>\n\t\t\t\t<\/div>\n\t\t\t\t<\/div>\n\t\t\t\t\t<\/div>\n\t\t\t\t<\/div>\n\t\t\t\t<\/div>\n\t\t","protected":false},"excerpt":{"rendered":"<p>CARTAS CONTEMPLADAS PERSONAL CONS\u00d3RCIOS Im\u00f3veis HS Ve\u00edculos HS<\/p>\n","protected":false},"author":1,"featured_media":0,"parent":0,"menu_order":0,"comment_status":"closed","ping_status":"closed","template":"elementor_header_footer","meta":{"footnotes":""},"class_list":["post-18","page","type-page","status-publish","hentry"],"_links":{"self":[{"href":"https:\/\/cartas-contempladas.personalconsorcios.com.br\/index.php\/wp-json\/wp\/v2\/pages\/18","targetHints":{"allow":["GET"]}}],"collection":[{"href":"https:\/\/cartas-contempladas.personalconsorcios.com.br\/index.php\/wp-json\/wp\/v2\/pages"}],"about":[{"href":"https:\/\/cartas-contempladas.personalconsorcios.com.br\/index.php\/wp-json\/wp\/v2\/types\/page"}],"author":[{"embeddable":true,"href":"https:\/\/cartas-contempladas.personalconsorcios.com.br\/index.php\/wp-json\/wp\/v2\/users\/1"}],"replies":[{"embeddable":true,"href":"https:\/\/cartas-contempladas.personalconsorcios.com.br\/index.php\/wp-json\/wp\/v2\/comments?post=18"}],"version-history":[{"count":136,"href":"https:\/\/cartas-contempladas.personalconsorcios.com.br\/index.php\/wp-json\/wp\/v2\/pages\/18\/revisions"}],"predecessor-version":[{"id":282,"href":"https:\/\/cartas-contempladas.personalconsorcios.com.br\/index.php\/wp-json\/wp\/v2\/pages\/18\/revisions\/282"}],"wp:attachment":[{"href":"https:\/\/cartas-contempladas.personalconsorcios.com.br\/index.php\/wp-json\/wp\/v2\/media?parent=18"}],"curies":[{"name":"wp","href":"https:\/\/api.w.org\/{rel}","templated":true}]}}